{"id":1526,"date":"2025-12-01T22:46:11","date_gmt":"2025-12-01T22:46:11","guid":{"rendered":"https:\/\/institutomacuil.com\/?page_id=1526"},"modified":"2025-12-01T22:47:07","modified_gmt":"2025-12-01T22:47:07","slug":"comunidad","status":"publish","type":"page","link":"https:\/\/institutomacuil.com\/en\/comunidad\/","title":{"rendered":"Community"},"content":{"rendered":"<style>.kb-row-layout-id1526_0c9cff-37 > .kt-row-column-wrap{align-content:start;}:where(.kb-row-layout-id1526_0c9cff-37 > .kt-row-column-wrap) > .wp-block-kadence-column{justify-content:start;}.kb-row-layout-id1526_0c9cff-37 > .kt-row-column-wrap{column-gap:var(--global-kb-gap-md, 2rem);row-gap:var(--global-kb-gap-md, 2rem);max-width:var( --global-content-width, 1290px );padding-left:var(--global-content-edge-padding);padding-right:var(--global-content-edge-padding);padding-top:var(--global-kb-spacing-5xl, 10rem);padding-bottom:var(--global-kb-spacing-4xl, 8rem);grid-template-columns:minmax(0, 1fr);}.kb-row-layout-id1526_0c9cff-37{background-image:url('https:\/\/institutomacuil.com\/wp-content\/uploads\/2025\/03\/SUPERVISIONtetlilpotonki-40.jpg');background-size:cover;background-position:49% 87%;background-attachment:scroll;background-repeat:no-repeat;}.kb-row-layout-id1526_0c9cff-37 > .kt-row-layout-overlay{opacity:0.92;background:linear-gradient(135deg,var(--global-palette3) 0%,rgba(39,36,29,0.19) 99%);}@media all and (max-width: 1024px){.kb-row-layout-id1526_0c9cff-37 > .kt-row-column-wrap{grid-template-columns:minmax(0, 1fr);}}@media all and (max-width: 767px){.kb-row-layout-id1526_0c9cff-37 > .kt-row-column-wrap{padding-top:var(--global-kb-spacing-5xl, 10rem);grid-template-columns:minmax(0, 1fr);}.kb-row-layout-wrap.wp-block-kadence-rowlayout.kb-row-layout-id1526_0c9cff-37{background-image:url('https:\/\/institutomacuil.com\/wp-content\/uploads\/2024\/12\/Ele-32.jpg');background-size:cover;background-position:92% 51%;background-attachment:scroll;background-repeat:no-repeat;}}<\/style><div class=\"kb-row-layout-wrap kb-row-layout-id1526_0c9cff-37 alignnone kt-row-has-bg wp-block-kadence-rowlayout\"><div class=\"kt-row-layout-overlay kt-row-overlay-gradient\"><\/div><div class=\"kt-row-column-wrap kt-has-1-columns kt-row-layout-equal kt-tab-layout-inherit kt-mobile-layout-row kt-row-valign-top kt-inner-column-height-full kb-theme-content-width\">\n<style>.kadence-column1526_b8bc61-06 > .kt-inside-inner-col,.kadence-column1526_b8bc61-06 > .kt-inside-inner-col:before{border-top-left-radius:0px;border-top-right-radius:0px;border-bottom-right-radius:0px;border-bottom-left-radius:0px;}.kadence-column1526_b8bc61-06 > .kt-inside-inner-col{column-gap:var(--global-kb-gap-sm, 1rem);}.kadence-column1526_b8bc61-06 > .kt-inside-inner-col{flex-direction:column;}.kadence-column1526_b8bc61-06 > .kt-inside-inner-col > .aligncenter{width:100%;}.kadence-column1526_b8bc61-06 > .kt-inside-inner-col:before{opacity:0.3;}.kadence-column1526_b8bc61-06{position:relative;}.kadence-column1526_b8bc61-06, .kt-inside-inner-col > .kadence-column1526_b8bc61-06:not(.specificity){margin-top:var(--global-kb-spacing-lg, 3rem);}@media all and (max-width: 1024px){.kadence-column1526_b8bc61-06 > .kt-inside-inner-col{flex-direction:column;justify-content:center;}}@media all and (max-width: 767px){.kadence-column1526_b8bc61-06 > .kt-inside-inner-col{flex-direction:column;justify-content:center;}}<\/style>\n<div class=\"wp-block-kadence-column kadence-column1526_b8bc61-06\"><div class=\"kt-inside-inner-col\"><style>.wp-block-kadence-advancedheading.kt-adv-heading1526_122901-71, .wp-block-kadence-advancedheading.kt-adv-heading1526_122901-71[data-kb-block=\"kb-adv-heading1526_122901-71\"]{font-style:normal;}.wp-block-kadence-advancedheading.kt-adv-heading1526_122901-71 mark.kt-highlight, .wp-block-kadence-advancedheading.kt-adv-heading1526_122901-71[data-kb-block=\"kb-adv-heading1526_122901-71\"] mark.kt-highlight{font-style:normal;color:#f76a0c;-webkit-box-decoration-break:clone;box-decoration-break:clone;padding-top:0px;padding-right:0px;padding-bottom:0px;padding-left:0px;}.wp-block-kadence-advancedheading.kt-adv-heading1526_122901-71 img.kb-inline-image, .wp-block-kadence-advancedheading.kt-adv-heading1526_122901-71[data-kb-block=\"kb-adv-heading1526_122901-71\"] img.kb-inline-image{width:150px;vertical-align:baseline;}<\/style>\n<h1 class=\"kt-adv-heading1526_122901-71 wp-block-kadence-advancedheading has-theme-palette-9-color has-text-color\" data-kb-block=\"kb-adv-heading1526_122901-71\" data-aos=\"fade-right\" data-aos-duration=\"800\" data-aos-easing=\"ease-in-out-back\">Comunidad<\/h1>\n<\/div><\/div>\n\n<\/div><\/div>\n\n<style>.kb-row-layout-id1526_3eda05-cf > .kt-row-column-wrap{align-content:start;}:where(.kb-row-layout-id1526_3eda05-cf > .kt-row-column-wrap) > .wp-block-kadence-column{justify-content:start;}.kb-row-layout-id1526_3eda05-cf > .kt-row-column-wrap{column-gap:var(--global-kb-gap-lg, 4rem);row-gap:var(--global-kb-gap-md, 2rem);max-width:var( --global-content-width, 1290px );padding-left:var(--global-content-edge-padding);padding-right:var(--global-content-edge-padding);padding-top:var(--global-kb-spacing-3xl, 6.5rem);padding-bottom:var(--global-kb-spacing-xxl, 5rem);padding-left:0px;grid-template-columns:minmax(0, calc(50% - ((var(--global-kb-gap-lg, 4rem) * 1 )\/2)))minmax(0, calc(50% - ((var(--global-kb-gap-lg, 4rem) * 1 )\/2)));}.kb-row-layout-id1526_3eda05-cf{--breakout-negative-margin-right:calc( ( ( ( var(--global-vw, 100vw) - ( var( --global-content-width, 1290px ) - ( var(--global-content-edge-padding)*2 ) ) ) \/ 2 ) *-1) + -1px);--breakout-negative-margin-left:calc( ( ( ( var(--global-vw, 100vw) - ( var( --global-content-width, 1290px ) - ( 0px*2 ) ) ) \/ 2 ) *-1) + -1px);}@media all and (min-width:1290px){.kb-row-layout-id1526_3eda05-cf > .kt-row-column-wrap > .wp-block-kadence-column:nth-child(1 of *:not(style)):not(.specificity){margin-inline-start:var(--breakout-negative-margin-left);}}.kb-row-layout-id1526_3eda05-cf > .kt-row-layout-overlay{opacity:0.30;background-image:url('https:\/\/institutomacuil.com\/wp-content\/uploads\/2025\/01\/Vintage-Texture-11.jpg');background-size:cover;background-position:center center;background-attachment:fixed;background-repeat:no-repeat;}.kb-row-layout-id1526_3eda05-cf ,.kb-row-layout-id1526_3eda05-cf h1,.kb-row-layout-id1526_3eda05-cf h2,.kb-row-layout-id1526_3eda05-cf h3,.kb-row-layout-id1526_3eda05-cf h4,.kb-row-layout-id1526_3eda05-cf h5,.kb-row-layout-id1526_3eda05-cf h6{color:var(--global-palette3, #1A202C);}.kb-row-layout-id1526_3eda05-cf a{color:var(--global-palette1, #3182CE);}.kb-row-layout-id1526_3eda05-cf a:hover{color:var(--global-palette2, #2B6CB0);}@media all and (min-width: 1025px){.kb-row-layout-id1526_3eda05-cf > .kt-row-column-wrap > .wp-block-kadence-column:nth-child(1 of *:not(style)){margin-inline-start:calc( 0px *-1 );}}@media all and (max-width: 1024px), only screen and (min-device-width: 1024px) and (max-device-width: 1366px) and (-webkit-min-device-pixel-ratio: 2) and (hover: none){.kb-row-layout-id1526_3eda05-cf > .kt-row-layout-overlay{background-attachment:scroll;}}@media all and (max-width: 1024px){.kb-row-layout-id1526_3eda05-cf > .kt-row-column-wrap{column-gap:var(--global-kb-gap-md, 2rem);padding-top:var(--global-kb-spacing-xxl, 5rem);padding-right:var(--global-kb-spacing-sm, 1.5rem);padding-left:var(--global-kb-spacing-sm, 1.5rem);grid-template-columns:minmax(0, 1fr);}}@media all and (min-width: 768px) and (max-width: 1024px){.kb-row-layout-id1526_3eda05-cf > .kt-row-column-wrap:not(.kt-tab-layout-row) > .wp-block-kadence-column:nth-child(1 of *:not(style)){margin-inline-start:calc( 0px *-1 );}}@media all and (max-width: 767px){.kb-row-layout-id1526_3eda05-cf > .kt-row-column-wrap{grid-template-columns:minmax(0, 1fr);}}<\/style><div class=\"kb-row-layout-wrap kb-row-layout-id1526_3eda05-cf alignfull has-theme-palette9-background-color kt-row-has-bg wp-block-kadence-rowlayout\"><div class=\"kt-row-layout-overlay kt-row-overlay-normal kt-jarallax\"><\/div><div class=\"kt-row-column-wrap kt-has-2-columns kt-row-layout-equal kt-tab-layout-row kt-mobile-layout-row kt-row-valign-top kb-theme-content-width\">\n<style>.kadence-column1526_96093b-fc > .kt-inside-inner-col{padding-top:0px;padding-bottom:0px;}.kadence-column1526_96093b-fc > .kt-inside-inner-col,.kadence-column1526_96093b-fc > .kt-inside-inner-col:before{border-top-left-radius:0px;border-top-right-radius:0px;border-bottom-right-radius:0px;border-bottom-left-radius:0px;}.kadence-column1526_96093b-fc > .kt-inside-inner-col{column-gap:0px;}.kadence-column1526_96093b-fc > .kt-inside-inner-col{flex-direction:column;}.kadence-column1526_96093b-fc > .kt-inside-inner-col > .aligncenter{width:100%;}.kadence-column1526_96093b-fc > .kt-inside-inner-col:before{opacity:0.3;}.kadence-column1526_96093b-fc{text-align:left;}.kadence-column1526_96093b-fc{position:relative;}@media all and (max-width: 1024px){.kadence-column1526_96093b-fc > .kt-inside-inner-col{padding-top:0px;padding-bottom:0px;padding-left:0px;flex-direction:column;justify-content:center;}}@media all and (max-width: 767px){.kadence-column1526_96093b-fc > .kt-inside-inner-col{flex-direction:column;justify-content:center;}}<\/style>\n<div class=\"wp-block-kadence-column kadence-column1526_96093b-fc kb-section-dir-vertical inner-column-2\" data-aos=\"fade-right\" data-aos-duration=\"800\" data-aos-easing=\"ease-in-out-back\"><div class=\"kt-inside-inner-col\"><style>.wp-block-kadence-image.kb-image1526_9c40ff-f7{position:relative;z-index:-200;}.kb-image1526_9c40ff-f7 .kb-image-has-overlay:after{opacity:0.3;}.kb-image1526_9c40ff-f7 img.kb-img, .kb-image1526_9c40ff-f7 .kb-img img{object-position:36% 60%;}<\/style>\n<figure class=\"wp-block-kadence-image kb-image1526_9c40ff-f7 kb-image-is-ratio-size\"><div class=\"kb-is-ratio-image kb-image-ratio-land169\"><img loading=\"lazy\" decoding=\"async\" width=\"1500\" height=\"1000\" src=\"https:\/\/institutomacuil.com\/wp-content\/uploads\/2025\/06\/PROGRAMA3.png\" alt=\"\" class=\"kb-img wp-image-1475\" srcset=\"https:\/\/institutomacuil.com\/wp-content\/uploads\/2025\/06\/PROGRAMA3.png 1500w, https:\/\/institutomacuil.com\/wp-content\/uploads\/2025\/06\/PROGRAMA3-300x200.png 300w, https:\/\/institutomacuil.com\/wp-content\/uploads\/2025\/06\/PROGRAMA3-1024x683.png 1024w, https:\/\/institutomacuil.com\/wp-content\/uploads\/2025\/06\/PROGRAMA3-768x512.png 768w, https:\/\/institutomacuil.com\/wp-content\/uploads\/2025\/06\/PROGRAMA3-18x12.png 18w\" sizes=\"auto, (max-width: 1500px) 100vw, 1500px\" \/><\/div><\/figure>\n<\/div><\/div>\n\n\n<style>.kadence-column1526_1e277f-3d > .kt-inside-inner-col{display:flex;}.kadence-column1526_1e277f-3d > .kt-inside-inner-col,.kadence-column1526_1e277f-3d > .kt-inside-inner-col:before{border-top-left-radius:0px;border-top-right-radius:0px;border-bottom-right-radius:0px;border-bottom-left-radius:0px;}.kadence-column1526_1e277f-3d > .kt-inside-inner-col{column-gap:var(--global-kb-gap-sm, 1rem);}.kadence-column1526_1e277f-3d > .kt-inside-inner-col{flex-direction:column;justify-content:center;}.kadence-column1526_1e277f-3d > .kt-inside-inner-col > .aligncenter{width:100%;}.kt-row-column-wrap > .kadence-column1526_1e277f-3d{align-self:center;}.kt-inner-column-height-full:not(.kt-has-1-columns) > .wp-block-kadence-column.kadence-column1526_1e277f-3d{align-self:auto;}.kt-inner-column-height-full:not(.kt-has-1-columns) > .wp-block-kadence-column.kadence-column1526_1e277f-3d > .kt-inside-inner-col{flex-direction:column;justify-content:center;}.kadence-column1526_1e277f-3d > .kt-inside-inner-col:before{opacity:0.3;}.kadence-column1526_1e277f-3d{position:relative;}@media all and (max-width: 1024px){.kt-row-column-wrap > .kadence-column1526_1e277f-3d{align-self:center;}}@media all and (max-width: 1024px){.kt-inner-column-height-full:not(.kt-has-1-columns) > .wp-block-kadence-column.kadence-column1526_1e277f-3d{align-self:auto;}}@media all and (max-width: 1024px){.kt-inner-column-height-full:not(.kt-has-1-columns) > .wp-block-kadence-column.kadence-column1526_1e277f-3d > .kt-inside-inner-col{flex-direction:column;justify-content:center;}}@media all and (max-width: 1024px){.kadence-column1526_1e277f-3d > .kt-inside-inner-col{flex-direction:column;justify-content:center;}}@media all and (max-width: 767px){.kt-row-column-wrap > .kadence-column1526_1e277f-3d{align-self:center;}.kt-inner-column-height-full:not(.kt-has-1-columns) > .wp-block-kadence-column.kadence-column1526_1e277f-3d{align-self:auto;}.kt-inner-column-height-full:not(.kt-has-1-columns) > .wp-block-kadence-column.kadence-column1526_1e277f-3d > .kt-inside-inner-col{flex-direction:column;justify-content:center;}.kadence-column1526_1e277f-3d > .kt-inside-inner-col{flex-direction:column;justify-content:center;}}<\/style>\n<div class=\"wp-block-kadence-column kadence-column1526_1e277f-3d\" data-aos=\"fade-left\" data-aos-duration=\"800\" data-aos-easing=\"ease-in-out-back\"><div class=\"kt-inside-inner-col\">\n<p>Macuil es un espacio de convergencia para quienes buscan una red viva de profesionales, investigadores, artistas y comunidades dedicadas a ampliar los marcos contempor\u00e1neos de comprensi\u00f3n del bienestar humano. Este espacio re\u00fane voces locales e internacionales que han participado en nuestras formaciones, congresos y programas acad\u00e9micos. Desde esta comunidad diversa, articulamos perspectivas para avanzar hacia modelos de acompa\u00f1amiento m\u00e1s integradores, interculturales y humanamente responsables.<\/p>\n\n\n\n<p>En Macuil fomentamos el di\u00e1logo entre saberes pluriculturales y perspectivas transpersonales, reconociendo la importancia de abordar la experiencia humana desde m\u00faltiples campos de conocimiento. Esta convergencia fortalece el tejido comunitario que sostiene nuevas formas de aprendizaje, creaci\u00f3n y transformaci\u00f3n, promoviendo pr\u00e1cticas educativas y profesionales que honran tanto la rigurosidad contempor\u00e1nea como la profundidad de las tradiciones vivas.<\/p>\n<\/div><\/div>\n\n<\/div><\/div>","protected":false},"excerpt":{"rendered":"<p>Comunidad Macuil es un espacio de convergencia para quienes buscan una red viva de profesionales, investigadores, artistas y comunidades dedicadas a ampliar los marcos contempor\u00e1neos de comprensi\u00f3n del bienestar humano. Este espacio re\u00fane voces locales e internacionales que han participado en nuestras formaciones, congresos y programas acad\u00e9micos. Desde esta comunidad diversa, articulamos perspectivas para avanzar&#8230;<\/p>","protected":false},"author":1,"featured_media":0,"parent":0,"menu_order":0,"comment_status":"closed","ping_status":"closed","template":"","meta":{"_kad_blocks_custom_css":"","_kad_blocks_head_custom_js":"","_kad_blocks_body_custom_js":"","_kad_blocks_footer_custom_js":"","_kad_post_transparent":"","_kad_post_title":"","_kad_post_layout":"","_kad_post_sidebar_id":"","_kad_post_content_style":"","_kad_post_vertical_padding":"","_kad_post_feature":"","_kad_post_feature_position":"","_kad_post_header":false,"_kad_post_footer":false,"_kad_post_classname":"","footnotes":""},"class_list":["post-1526","page","type-page","status-publish","hentry"],"taxonomy_info":[],"featured_image_src_large":false,"author_info":{"display_name":"macuil.admin","author_link":"https:\/\/institutomacuil.com\/en\/author\/macuil-admin\/"},"comment_info":0,"_links":{"self":[{"href":"https:\/\/institutomacuil.com\/en\/wp-json\/wp\/v2\/pages\/1526","targetHints":{"allow":["GET"]}}],"collection":[{"href":"https:\/\/institutomacuil.com\/en\/wp-json\/wp\/v2\/pages"}],"about":[{"href":"https:\/\/institutomacuil.com\/en\/wp-json\/wp\/v2\/types\/page"}],"author":[{"embeddable":true,"href":"https:\/\/institutomacuil.com\/en\/wp-json\/wp\/v2\/users\/1"}],"replies":[{"embeddable":true,"href":"https:\/\/institutomacuil.com\/en\/wp-json\/wp\/v2\/comments?post=1526"}],"version-history":[{"count":2,"href":"https:\/\/institutomacuil.com\/en\/wp-json\/wp\/v2\/pages\/1526\/revisions"}],"predecessor-version":[{"id":1529,"href":"https:\/\/institutomacuil.com\/en\/wp-json\/wp\/v2\/pages\/1526\/revisions\/1529"}],"wp:attachment":[{"href":"https:\/\/institutomacuil.com\/en\/wp-json\/wp\/v2\/media?parent=1526"}],"curies":[{"name":"wp","href":"https:\/\/api.w.org\/{rel}","templated":true}]}}