{"id":191,"date":"2024-11-30T22:22:14","date_gmt":"2024-11-30T22:22:14","guid":{"rendered":"http:\/\/instituto-macuil.local\/?page_id=191"},"modified":"2025-01-08T20:45:16","modified_gmt":"2025-01-08T20:45:16","slug":"eventos","status":"publish","type":"page","link":"https:\/\/institutomacuil.com\/en\/eventos\/","title":{"rendered":"Events"},"content":{"rendered":"<style>.kb-row-layout-id191_7dbcf7-6c > .kt-row-column-wrap{align-content:start;}:where(.kb-row-layout-id191_7dbcf7-6c > .kt-row-column-wrap) > .wp-block-kadence-column{justify-content:start;}.kb-row-layout-id191_7dbcf7-6c > .kt-row-column-wrap{column-gap:var(--global-kb-gap-md, 2rem);row-gap:var(--global-kb-gap-md, 2rem);max-width:var( --global-content-width, 1290px );padding-left:var(--global-content-edge-padding);padding-right:var(--global-content-edge-padding);padding-top:var(--global-kb-spacing-5xl, 10rem);padding-bottom:var(--global-kb-spacing-4xl, 8rem);grid-template-columns:minmax(0, calc(70% - ((var(--global-kb-gap-md, 2rem) * 1 )\/2)))minmax(0, calc(30% - ((var(--global-kb-gap-md, 2rem) * 1 )\/2)));}.kb-row-layout-id191_7dbcf7-6c{background-image:url('https:\/\/institutomacuil.com\/wp-content\/uploads\/2024\/12\/Muertos-9.jpg');background-size:cover;background-position:46% 42%;background-attachment:scroll;background-repeat:no-repeat;}.kb-row-layout-id191_7dbcf7-6c > .kt-row-layout-overlay{opacity:1;background:linear-gradient(135deg,var(--global-palette3) 0%,rgba(39,36,29,0.37) 100%);}@media all and (max-width: 1024px){.kb-row-layout-id191_7dbcf7-6c > .kt-row-column-wrap{grid-template-columns:repeat(2, minmax(0, 1fr));}}@media all and (max-width: 767px){.kb-row-layout-id191_7dbcf7-6c > .kt-row-column-wrap{grid-template-columns:minmax(0, 1fr);}}<\/style><div class=\"kb-row-layout-wrap kb-row-layout-id191_7dbcf7-6c alignnone kt-row-has-bg wp-block-kadence-rowlayout\"><div class=\"kt-row-layout-overlay kt-row-overlay-gradient\"><\/div><div class=\"kt-row-column-wrap kt-has-2-columns kt-row-layout-equal kt-tab-layout-inherit kt-mobile-layout-row kt-row-valign-top kt-inner-column-height-full kb-theme-content-width\">\n<style>.kadence-column191_6cab33-7b > .kt-inside-inner-col,.kadence-column191_6cab33-7b > .kt-inside-inner-col:before{border-top-left-radius:0px;border-top-right-radius:0px;border-bottom-right-radius:0px;border-bottom-left-radius:0px;}.kadence-column191_6cab33-7b > .kt-inside-inner-col{column-gap:var(--global-kb-gap-sm, 1rem);}.kadence-column191_6cab33-7b > .kt-inside-inner-col{flex-direction:column;}.kadence-column191_6cab33-7b > .kt-inside-inner-col > .aligncenter{width:100%;}.kadence-column191_6cab33-7b > .kt-inside-inner-col:before{opacity:0.3;}.kadence-column191_6cab33-7b{position:relative;}.kadence-column191_6cab33-7b, .kt-inside-inner-col > .kadence-column191_6cab33-7b:not(.specificity){margin-top:var(--global-kb-spacing-lg, 3rem);}@media all and (max-width: 1024px){.kadence-column191_6cab33-7b > .kt-inside-inner-col{flex-direction:column;justify-content:center;}}@media all and (max-width: 767px){.kadence-column191_6cab33-7b > .kt-inside-inner-col{flex-direction:column;justify-content:center;}}<\/style>\n<div class=\"wp-block-kadence-column kadence-column191_6cab33-7b\"><div class=\"kt-inside-inner-col\"><style>.wp-block-kadence-advancedheading.kt-adv-heading191_2dc885-5c, .wp-block-kadence-advancedheading.kt-adv-heading191_2dc885-5c[data-kb-block=\"kb-adv-heading191_2dc885-5c\"]{font-style:normal;}.wp-block-kadence-advancedheading.kt-adv-heading191_2dc885-5c mark.kt-highlight, .wp-block-kadence-advancedheading.kt-adv-heading191_2dc885-5c[data-kb-block=\"kb-adv-heading191_2dc885-5c\"] mark.kt-highlight{font-style:normal;color:#f76a0c;-webkit-box-decoration-break:clone;box-decoration-break:clone;padding-top:0px;padding-right:0px;padding-bottom:0px;padding-left:0px;}.wp-block-kadence-advancedheading.kt-adv-heading191_2dc885-5c img.kb-inline-image, .wp-block-kadence-advancedheading.kt-adv-heading191_2dc885-5c[data-kb-block=\"kb-adv-heading191_2dc885-5c\"] img.kb-inline-image{width:150px;vertical-align:baseline;}<\/style>\n<h1 class=\"kt-adv-heading191_2dc885-5c wp-block-kadence-advancedheading has-theme-palette-9-color has-text-color\" data-kb-block=\"kb-adv-heading191_2dc885-5c\" data-aos=\"fade-right\" data-aos-duration=\"800\" data-aos-easing=\"ease-in-out-back\">Eventos<\/h1>\n<\/div><\/div>\n\n\n<style>.kadence-column191_6777c5-df > .kt-inside-inner-col,.kadence-column191_6777c5-df > .kt-inside-inner-col:before{border-top-left-radius:0px;border-top-right-radius:0px;border-bottom-right-radius:0px;border-bottom-left-radius:0px;}.kadence-column191_6777c5-df > .kt-inside-inner-col{column-gap:var(--global-kb-gap-sm, 1rem);}.kadence-column191_6777c5-df > .kt-inside-inner-col{flex-direction:column;}.kadence-column191_6777c5-df > .kt-inside-inner-col > .aligncenter{width:100%;}.kadence-column191_6777c5-df > .kt-inside-inner-col:before{opacity:0.3;}.kadence-column191_6777c5-df{position:relative;}@media all and (max-width: 1024px){.kadence-column191_6777c5-df > .kt-inside-inner-col{flex-direction:column;justify-content:center;}}@media all and (max-width: 767px){.kadence-column191_6777c5-df > .kt-inside-inner-col{flex-direction:column;justify-content:center;}}<\/style>\n<div class=\"wp-block-kadence-column kadence-column191_6777c5-df\"><div class=\"kt-inside-inner-col\"><\/div><\/div>\n\n<\/div><\/div>\n\n<style>.kb-row-layout-id191_ee3db1-79 > .kt-row-column-wrap{align-content:center;}:where(.kb-row-layout-id191_ee3db1-79 > .kt-row-column-wrap) > .wp-block-kadence-column{justify-content:center;}.kb-row-layout-id191_ee3db1-79 > .kt-row-column-wrap{column-gap:var(--global-kb-gap-lg, 4rem);row-gap:var(--global-kb-gap-md, 2rem);max-width:var( --global-content-width, 1290px );padding-left:var(--global-content-edge-padding);padding-right:var(--global-content-edge-padding);padding-top:var(--global-kb-spacing-4xl, 8rem);padding-right:var(--global-kb-spacing-sm, 1.5rem);padding-bottom:var(--global-kb-spacing-4xl, 8rem);padding-left:var(--global-kb-spacing-sm, 1.5rem);grid-template-columns:minmax(0, 1fr);}.kb-row-layout-id191_ee3db1-79 > .kt-row-layout-overlay{opacity:0.30;background-image:url('https:\/\/institutomacuil.com\/wp-content\/uploads\/2025\/01\/Vintage-Texture-11.jpg');background-size:cover;background-position:center center;background-attachment:fixed;background-repeat:no-repeat;mix-blend-mode:multiply;}@media all and (max-width: 1024px), only screen and (min-device-width: 1024px) and (max-device-width: 1366px) and (-webkit-min-device-pixel-ratio: 2) and (hover: none){.kb-row-layout-id191_ee3db1-79 > .kt-row-layout-overlay{background-attachment:scroll;}}@media all and (max-width: 1024px){.kb-row-layout-id191_ee3db1-79 > .kt-row-column-wrap{column-gap:var(--global-kb-gap-md, 2rem);padding-top:var(--global-kb-spacing-xxl, 5rem);padding-bottom:var(--global-kb-spacing-xxl, 5rem);grid-template-columns:minmax(0, 1fr);}}@media all and (max-width: 767px){.kb-row-layout-id191_ee3db1-79 > .kt-row-column-wrap{padding-top:var(--global-kb-spacing-lg, 3rem);padding-right:var(--global-kb-spacing-xs, 1rem);padding-bottom:var(--global-kb-spacing-lg, 3rem);padding-left:var(--global-kb-spacing-xs, 1rem);grid-template-columns:minmax(0, 1fr);}}<\/style><div class=\"kb-row-layout-wrap kb-row-layout-id191_ee3db1-79 alignfull has-theme-palette9-background-color kt-row-has-bg wp-block-kadence-rowlayout\"><div class=\"kt-row-layout-overlay kt-row-overlay-normal kt-jarallax\"><\/div><div class=\"kt-row-column-wrap kt-has-2-columns kt-row-layout-row kt-tab-layout-inherit kt-mobile-layout-row kt-row-valign-middle kb-theme-content-width\">\n<style>.kadence-column191_4f4924-cc > .kt-inside-inner-col{column-gap:var(--global-kb-gap-sm, 1rem);}.kadence-column191_4f4924-cc > .kt-inside-inner-col{flex-direction:column;}.kadence-column191_4f4924-cc > .kt-inside-inner-col > .aligncenter{width:100%;}.kadence-column191_4f4924-cc > .kt-inside-inner-col:before{opacity:0.3;}.kadence-column191_4f4924-cc{position:relative;}@media all and (max-width: 1024px){.kadence-column191_4f4924-cc > .kt-inside-inner-col{flex-direction:column;justify-content:center;}}@media all and (max-width: 767px){.kadence-column191_4f4924-cc > .kt-inside-inner-col{flex-direction:column;justify-content:center;}}<\/style>\n<div class=\"wp-block-kadence-column kadence-column191_4f4924-cc\"><div class=\"kt-inside-inner-col\"><style>.kb-image191_5929ef-8d .kb-image-has-overlay:after{opacity:0.3;}@media all and (max-width: 1024px){.wp-block-kadence-image.kb-image191_5929ef-8d:not(.kb-specificity-added):not(.kb-extra-specificity-added){margin-left:0px;}}<\/style>\n<figure class=\"wp-block-kadence-image kb-image191_5929ef-8d\" data-aos=\"fade-up\" data-aos-duration=\"800\" data-aos-easing=\"ease-in-out-back\"><img loading=\"lazy\" decoding=\"async\" width=\"1280\" height=\"560\" src=\"https:\/\/institutomacuil.com\/wp-content\/uploads\/2025\/01\/WhatsApp-Image-2025-01-02-at-9.09.05-PM.jpeg\" alt=\"\" class=\"kb-img wp-image-854\" srcset=\"https:\/\/institutomacuil.com\/wp-content\/uploads\/2025\/01\/WhatsApp-Image-2025-01-02-at-9.09.05-PM.jpeg 1280w, https:\/\/institutomacuil.com\/wp-content\/uploads\/2025\/01\/WhatsApp-Image-2025-01-02-at-9.09.05-PM-300x131.jpeg 300w, https:\/\/institutomacuil.com\/wp-content\/uploads\/2025\/01\/WhatsApp-Image-2025-01-02-at-9.09.05-PM-1024x448.jpeg 1024w, https:\/\/institutomacuil.com\/wp-content\/uploads\/2025\/01\/WhatsApp-Image-2025-01-02-at-9.09.05-PM-768x336.jpeg 768w\" sizes=\"auto, (max-width: 1280px) 100vw, 1280px\" \/><\/figure>\n<\/div><\/div>\n\n\n<style>.kadence-column191_229234-c2 > .kt-inside-inner-col,.kadence-column191_229234-c2 > .kt-inside-inner-col:before{border-top-left-radius:0px;border-top-right-radius:0px;border-bottom-right-radius:0px;border-bottom-left-radius:0px;}.kadence-column191_229234-c2 > .kt-inside-inner-col{column-gap:var(--global-kb-gap-sm, 1rem);}.kadence-column191_229234-c2 > .kt-inside-inner-col{flex-direction:column;}.kadence-column191_229234-c2 > .kt-inside-inner-col > .aligncenter{width:100%;}.kadence-column191_229234-c2 > .kt-inside-inner-col:before{opacity:0.3;}.kadence-column191_229234-c2{position:relative;}@media all and (max-width: 1024px){.kadence-column191_229234-c2 > .kt-inside-inner-col{flex-direction:column;justify-content:center;}}@media all and (max-width: 767px){.kadence-column191_229234-c2 > .kt-inside-inner-col{flex-direction:column;justify-content:center;}}<\/style>\n<div class=\"wp-block-kadence-column kadence-column191_229234-c2\"><div class=\"kt-inside-inner-col\"><style>.kb-row-layout-id191_817b70-65 > .kt-row-column-wrap{align-content:center;}:where(.kb-row-layout-id191_817b70-65 > .kt-row-column-wrap) > .wp-block-kadence-column{justify-content:center;}.kb-row-layout-id191_817b70-65 > .kt-row-column-wrap{column-gap:var(--global-kb-gap-md, 2rem);row-gap:var(--global-kb-gap-md, 2rem);max-width:var( --global-content-width, 1290px );padding-left:var(--global-content-edge-padding);padding-right:var(--global-content-edge-padding);padding-top:0px;padding-right:0px;padding-bottom:0px;padding-left:0px;grid-template-columns:minmax(0, calc(35% - ((var(--global-kb-gap-md, 2rem) * 1 )\/2)))minmax(0, calc(65% - ((var(--global-kb-gap-md, 2rem) * 1 )\/2)));}.kb-row-layout-id191_817b70-65 > .kt-row-layout-overlay{opacity:0.30;}@media all and (max-width: 1024px){.kb-row-layout-id191_817b70-65 > .kt-row-column-wrap{grid-template-columns:repeat(2, minmax(0, 1fr));}}@media all and (max-width: 767px){.kb-row-layout-id191_817b70-65 > .kt-row-column-wrap{grid-template-columns:minmax(0, 1fr);}.kb-row-layout-id191_817b70-65 > .kt-row-column-wrap > .wp-block-kadence-column:nth-child(1 of *:not(style)){order:2;}.kb-row-layout-id191_817b70-65 > .kt-row-column-wrap > .wp-block-kadence-column:nth-child(2 of *:not(style)){order:1;}.kb-row-layout-id191_817b70-65 > .kt-row-column-wrap > .wp-block-kadence-column:nth-child(3 of *:not(style)){order:12;}.kb-row-layout-id191_817b70-65 > .kt-row-column-wrap > .wp-block-kadence-column:nth-child(4 of *:not(style)){order:11;}.kb-row-layout-id191_817b70-65 > .kt-row-column-wrap > .wp-block-kadence-column:nth-child(5 of *:not(style)){order:22;}.kb-row-layout-id191_817b70-65 > .kt-row-column-wrap > .wp-block-kadence-column:nth-child(6 of *:not(style)){order:21;}.kb-row-layout-id191_817b70-65 > .kt-row-column-wrap > .wp-block-kadence-column:nth-child(7 of *:not(style)){order:32;}.kb-row-layout-id191_817b70-65 > .kt-row-column-wrap > .wp-block-kadence-column:nth-child(8 of *:not(style)){order:31;}}<\/style><div class=\"kb-row-layout-wrap kb-row-layout-id191_817b70-65 alignnone wp-block-kadence-rowlayout\"><div class=\"kt-row-column-wrap kt-has-2-columns kt-row-layout-equal kt-tab-layout-inherit kt-mobile-layout-row kt-row-valign-middle kt-inner-column-height-full kb-theme-content-width\">\n<style>.kadence-column191_482137-59 > .kt-inside-inner-col{padding-top:var(--global-kb-spacing-xs, 1rem);padding-right:var(--global-kb-spacing-xs, 1rem);padding-bottom:var(--global-kb-spacing-xs, 1rem);padding-left:var(--global-kb-spacing-xs, 1rem);}.kadence-column191_482137-59 > .kt-inside-inner-col{border-top:1px solid var(--global-palette7, #EDF2F7);border-right:1px solid var(--global-palette7, #EDF2F7);border-bottom:1px solid var(--global-palette7, #EDF2F7);border-left:1px solid var(--global-palette7, #EDF2F7);}.kadence-column191_482137-59 > .kt-inside-inner-col,.kadence-column191_482137-59 > .kt-inside-inner-col:before{border-top-left-radius:0px;border-top-right-radius:0px;border-bottom-right-radius:0px;border-bottom-left-radius:0px;}.kadence-column191_482137-59 > .kt-inside-inner-col{column-gap:var(--global-kb-gap-sm, 1rem);}.kadence-column191_482137-59 > .kt-inside-inner-col{flex-direction:column;}.kadence-column191_482137-59 > .kt-inside-inner-col > .aligncenter{width:100%;}.kadence-column191_482137-59 > .kt-inside-inner-col:before{opacity:0.3;}.kadence-column191_482137-59{position:relative;}@media all and (max-width: 1024px){.kadence-column191_482137-59 > .kt-inside-inner-col{border-top:1px solid var(--global-palette7, #EDF2F7);border-right:1px solid var(--global-palette7, #EDF2F7);border-bottom:1px solid var(--global-palette7, #EDF2F7);border-left:1px solid var(--global-palette7, #EDF2F7);flex-direction:column;justify-content:center;}}@media all and (max-width: 767px){.kadence-column191_482137-59 > .kt-inside-inner-col{border-top:1px solid var(--global-palette7, #EDF2F7);border-right:1px solid var(--global-palette7, #EDF2F7);border-bottom:1px solid var(--global-palette7, #EDF2F7);border-left:1px solid var(--global-palette7, #EDF2F7);flex-direction:column;justify-content:center;}}<\/style>\n<div class=\"wp-block-kadence-column kadence-column191_482137-59\"><div class=\"kt-inside-inner-col\"><style>.wp-block-kadence-advancedheading.kt-adv-heading191_2d1680-5e, .wp-block-kadence-advancedheading.kt-adv-heading191_2d1680-5e[data-kb-block=\"kb-adv-heading191_2d1680-5e\"]{font-style:normal;}.wp-block-kadence-advancedheading.kt-adv-heading191_2d1680-5e mark.kt-highlight, .wp-block-kadence-advancedheading.kt-adv-heading191_2d1680-5e[data-kb-block=\"kb-adv-heading191_2d1680-5e\"] mark.kt-highlight{font-style:normal;color:#f76a0c;-webkit-box-decoration-break:clone;box-decoration-break:clone;padding-top:0px;padding-right:0px;padding-bottom:0px;padding-left:0px;}.wp-block-kadence-advancedheading.kt-adv-heading191_2d1680-5e img.kb-inline-image, .wp-block-kadence-advancedheading.kt-adv-heading191_2d1680-5e[data-kb-block=\"kb-adv-heading191_2d1680-5e\"] img.kb-inline-image{width:150px;vertical-align:baseline;}@media all and (max-width: 767px){.wp-block-kadence-advancedheading.kt-adv-heading191_2d1680-5e, .wp-block-kadence-advancedheading.kt-adv-heading191_2d1680-5e[data-kb-block=\"kb-adv-heading191_2d1680-5e\"]{font-size:var(--global-kb-font-size-xl, 3rem);}}<\/style>\n<h2 class=\"kt-adv-heading191_2d1680-5e wp-block-kadence-advancedheading\" data-kb-block=\"kb-adv-heading191_2d1680-5e\">Eurotas 2025<\/h2>\n\n\n\n<p><strong>22 al 26 de Octubre de 2025, <\/strong><\/p>\n\n\n\n<p>Oaxaca, M\u00e9xico<\/p>\n\n\n<style>.wp-block-kadence-advancedbtn.kb-btns191_4e5981-0e{gap:var(--global-kb-gap-xs, 0.5rem );justify-content:flex-start;align-items:center;}.kt-btns191_4e5981-0e .kt-button{font-weight:normal;font-style:normal;}.kt-btns191_4e5981-0e .kt-btn-wrap-0{margin-right:5px;}.wp-block-kadence-advancedbtn.kt-btns191_4e5981-0e .kt-btn-wrap-0 .kt-button{color:#555555;border-color:#555555;}.wp-block-kadence-advancedbtn.kt-btns191_4e5981-0e .kt-btn-wrap-0 .kt-button:hover, .wp-block-kadence-advancedbtn.kt-btns191_4e5981-0e .kt-btn-wrap-0 .kt-button:focus{color:#ffffff;border-color:#444444;}.wp-block-kadence-advancedbtn.kt-btns191_4e5981-0e .kt-btn-wrap-0 .kt-button::before{display:none;}.wp-block-kadence-advancedbtn.kt-btns191_4e5981-0e .kt-btn-wrap-0 .kt-button:hover, .wp-block-kadence-advancedbtn.kt-btns191_4e5981-0e .kt-btn-wrap-0 .kt-button:focus{background:#444444;}<\/style>\n<div class=\"wp-block-kadence-advancedbtn kb-buttons-wrap kb-btns191_4e5981-0e\"><style>ul.menu .wp-block-kadence-advancedbtn .kb-btn191_afa0ba-0d.kb-button{width:initial;}<\/style><a class=\"kb-button kt-button button kb-btn191_afa0ba-0d kt-btn-size-standard kt-btn-width-type-auto kb-btn-global-fill  kt-btn-has-text-true kt-btn-has-svg-false  wp-block-kadence-singlebtn\" href=\"http:\/\/www.eurotas2025.com.mx\/\"><span class=\"kt-btn-inner-text\">Ver m\u00e1s<\/span><\/a><\/div>\n<\/div><\/div>\n\n\n<style>.kadence-column191_6d6c30-0a > .kt-inside-inner-col,.kadence-column191_6d6c30-0a > .kt-inside-inner-col:before{border-top-left-radius:0px;border-top-right-radius:0px;border-bottom-right-radius:0px;border-bottom-left-radius:0px;}.kadence-column191_6d6c30-0a > .kt-inside-inner-col{column-gap:var(--global-kb-gap-sm, 1rem);}.kadence-column191_6d6c30-0a > .kt-inside-inner-col{flex-direction:column;}.kadence-column191_6d6c30-0a > .kt-inside-inner-col > .aligncenter{width:100%;}.kadence-column191_6d6c30-0a > .kt-inside-inner-col:before{opacity:0.3;}.kadence-column191_6d6c30-0a{position:relative;}@media all and (max-width: 1024px){.kadence-column191_6d6c30-0a > .kt-inside-inner-col{flex-direction:column;justify-content:center;}}@media all and (max-width: 767px){.kadence-column191_6d6c30-0a > .kt-inside-inner-col{flex-direction:column;justify-content:center;}}<\/style>\n<div class=\"wp-block-kadence-column kadence-column191_6d6c30-0a\"><div class=\"kt-inside-inner-col\">\n<p>Una misi\u00f3n de Macuil es transmitir en todo el mundo el modelo de educaci\u00f3n transpersonal que hemos creado: la integraci\u00f3n profesional de las artes y ciencias del M\u00e9xico antiguo con las propuestas terap\u00e9uticas transpersonales.<\/p>\n\n\n\n<p>A once a\u00f1os de nuestra fundaci\u00f3n, el pr\u00f3ximo a\u00f1o 2025, en nombre de nuestra comunidad, con mucha alegr\u00eda y merecimiento, les damos la bienvenida a la edici\u00f3n 25\u00aa del Congreso Internacional EUROTAS:<\/p>\n\n\n\n<p>Xolotl, Innovaciones y Tradiciones en las Artes y Ciencias del ser.<\/p>\n<\/div><\/div>\n\n<\/div><\/div><\/div><\/div>\n\n<\/div><\/div>","protected":false},"excerpt":{"rendered":"<p>Eventos Eurotas 2025 22 al 26 de Octubre de 2025, Oaxaca, M\u00e9xico Una misi\u00f3n de Macuil es transmitir en todo el mundo el modelo de educaci\u00f3n transpersonal que hemos creado: la integraci\u00f3n profesional de las artes y ciencias del M\u00e9xico antiguo con las propuestas terap\u00e9uticas transpersonales. A once a\u00f1os de nuestra fundaci\u00f3n, el pr\u00f3ximo a\u00f1o&#8230;<\/p>","protected":false},"author":1,"featured_media":0,"parent":0,"menu_order":0,"comment_status":"closed","ping_status":"closed","template":"","meta":{"_kad_blocks_custom_css":"","_kad_blocks_head_custom_js":"","_kad_blocks_body_custom_js":"","_kad_blocks_footer_custom_js":"","_kad_post_transparent":"","_kad_post_title":"","_kad_post_layout":"","_kad_post_sidebar_id":"","_kad_post_content_style":"","_kad_post_vertical_padding":"","_kad_post_feature":"","_kad_post_feature_position":"","_kad_post_header":false,"_kad_post_footer":false,"_kad_post_classname":"","footnotes":""},"class_list":["post-191","page","type-page","status-publish","hentry"],"taxonomy_info":[],"featured_image_src_large":false,"author_info":{"display_name":"macuil.admin","author_link":"https:\/\/institutomacuil.com\/en\/author\/macuil-admin\/"},"comment_info":0,"_links":{"self":[{"href":"https:\/\/institutomacuil.com\/en\/wp-json\/wp\/v2\/pages\/191","targetHints":{"allow":["GET"]}}],"collection":[{"href":"https:\/\/institutomacuil.com\/en\/wp-json\/wp\/v2\/pages"}],"about":[{"href":"https:\/\/institutomacuil.com\/en\/wp-json\/wp\/v2\/types\/page"}],"author":[{"embeddable":true,"href":"https:\/\/institutomacuil.com\/en\/wp-json\/wp\/v2\/users\/1"}],"replies":[{"embeddable":true,"href":"https:\/\/institutomacuil.com\/en\/wp-json\/wp\/v2\/comments?post=191"}],"version-history":[{"count":6,"href":"https:\/\/institutomacuil.com\/en\/wp-json\/wp\/v2\/pages\/191\/revisions"}],"predecessor-version":[{"id":1164,"href":"https:\/\/institutomacuil.com\/en\/wp-json\/wp\/v2\/pages\/191\/revisions\/1164"}],"wp:attachment":[{"href":"https:\/\/institutomacuil.com\/en\/wp-json\/wp\/v2\/media?parent=191"}],"curies":[{"name":"wp","href":"https:\/\/api.w.org\/{rel}","templated":true}]}}